{"id":5019,"date":"2021-05-20T14:57:11","date_gmt":"2021-05-20T12:57:11","guid":{"rendered":"https:\/\/cdes.fr\/the-laboratory-centre-for-sports-law-and-economics\/"},"modified":"2021-05-20T15:01:26","modified_gmt":"2021-05-20T13:01:26","slug":"the-laboratory-centre-for-sports-law-and-economics","status":"publish","type":"page","link":"https:\/\/cdes.fr\/?page_id=5019&lang=en","title":{"rendered":"The laboratory Centre for Sports Law and Economics"},"content":{"rendered":"\t\t<div data-elementor-type=\"wp-page\" data-elementor-id=\"5019\" class=\"elementor elementor-5019\" data-elementor-post-type=\"page\">\n\t\t\t\t\t\t<section class=\"penci-section penci-disSticky penci-structure-10 elementor-section elementor-top-section elementor-element elementor-element-3681b10 elementor-section-boxed elementor-section-height-default elementor-section-height-default\" data-id=\"3681b10\" data-element_type=\"section\">\n\t\t\t\t\t\t<div class=\"elementor-container elementor-column-gap-default\">\n\t\t\t\t\t<div class=\"penci-ercol-100 penci-ercol-order-1 penci-sticky-ct    elementor-column elementor-col-100 elementor-top-column elementor-element elementor-element-39c4db95\" data-id=\"39c4db95\" data-element_type=\"column\">\n\t\t\t<div class=\"elementor-widget-wrap elementor-element-populated\">\n\t\t\t\t\t\t<div class=\"elementor-element elementor-element-59bc569d elementor-widget elementor-widget-text-editor\" data-id=\"59bc569d\" data-element_type=\"widget\" data-widget_type=\"text-editor.default\">\n\t\t\t\t<div class=\"elementor-widget-container\">\n\t\t\t\t\t\t\t\t\t<h1><strong>Presentation<\/strong><\/h1>\n<p>The laboratory Centre for Sports Law and Economics was created in 1977 by Fran\u00e7ois Alaphilippe and Jean-Pierre Karaquillo, professors at the Faculty of Law and Economics of the University of Limoges. Today, the CDES is a thematic team of the Observatory of Institutional and Legal Changes (EA 3177) of the Faculty of Law and Economics.<\/p>\n<p>CDES-OMIJ team is consists of teacher-researchers from University of Limoges and other universities. It brings together salaried experts and professionals with responsibilities in federal and Olympic sports organisations. The team includes lawyers, economists, and managers.<\/p>\n<p>Led by Charles Dudognon, the team devotes its work to all legal and economic aspects of sports activities, combining them on numerous themes, in their national and international dimensions. It organises conferences and colloquia (national and international) and publishes books and articles on a regular basis.<\/p>\n<h1><strong>The Team<\/strong><\/h1>\n<p>The team includes teacher-researchers from University of Limoges and other universities, as well as numerous associate researchers.<\/p>\n\t\t\t\t\t\t\t\t<\/div>\n\t\t\t\t<\/div>\n\t\t\t\t\t<\/div>\n\t\t<\/div>\n\t\t\t\t\t<\/div>\n\t\t<\/section>\n\t\t\t\t<section class=\"penci-section penci-disSticky penci-structure-10 elementor-section elementor-top-section elementor-element elementor-element-f96c0fb elementor-section-boxed elementor-section-height-default elementor-section-height-default\" data-id=\"f96c0fb\" data-element_type=\"section\">\n\t\t\t\t\t\t<div class=\"elementor-container elementor-column-gap-default\">\n\t\t\t\t\t<div class=\"penci-ercol-100 penci-ercol-order-1 penci-sticky-ct    elementor-column elementor-col-100 elementor-top-column elementor-element elementor-element-8bca62f\" data-id=\"8bca62f\" data-element_type=\"column\">\n\t\t\t<div class=\"elementor-widget-wrap elementor-element-populated\">\n\t\t\t\t\t\t<div class=\"elementor-element elementor-element-d7bca79 elementor-widget elementor-widget-penci-team-member\" data-id=\"d7bca79\" data-element_type=\"widget\" data-widget_type=\"penci-team-member.default\">\n\t\t\t\t<div class=\"elementor-widget-container\">\n\t\t\t\t\t        <div class=\"penci-block-vc penci-teammb-bsc penci-teammb-s1 pencisc-grid-3 pencisc-grid-tablet-2 pencisc-grid-mobile-1 pcsc-shape-default pcsc-st-default\">\n\t\t\t        <div class=\"penci-border-arrow penci-homepage-title penci-home-latest-posts style-5 pcalign-left pciconp-right pcicon-right block-title-icon-left\">\n            <h3 class=\"inner-arrow\">\n                <span>\n                    <span>L'EQUIPE CDES OMIJ (UNIVERSITE DE LIMOGES)<\/a>                <\/span>\n            <\/h3>\n\t\t\t        <\/div>\n\t\t            <div class=\"penci-block_content pencisc-grid\">\n\t\t\t\t                    <div class=\"penci-teammb-item pencisc-grid-item\">\n                        <div class=\"penci-teammb-inner\">\n\t\t\t\t\t\t\t<span  data-bgset=\"https:\/\/cdes.fr\/wp-content\/uploads\/2020\/08\/056-585x879.jpg\" class=\"penci-image-holder penci-teammb-img penci-lazy\"><\/span>                            <div class=\"penci-team_item__info\">\n\t\t\t\t\t\t\t\t\t\t\t\t\t\t\t\t                                    <h5 class=\"penci-team_member_name\">Charles DUDOGNON<\/h5>\n\t\t\t\t\t\t\t\t\t\t\t\t\t\t\t\t\t\t\t\t\t\t\t\t                                    <div class=\"penci-team_member_desc\">Director of the Laboratory \nProfessor Faculty of Law and Economic Sciences<\/div>\n\t\t\t\t\t\t\t\t                                <div class=\"penci-team_member_socails penci-social-wrap\">\n\t\t\t\t\t\t\t\t\t                                        <a target=\"_blank\" rel=\"noopener\"class=\"penci-social-item penci-social-item website\"\n                                           href=\"mailto:dudognon@cdes.fr\"><i class=\"penci-faicon fa fa-globe\" ><\/i><\/a>\n\t\t\t\t\t\t\t\t\t\t\t\t\t\t\t\t\t\t\t\t\t\t\t\t\t\t\t\n\t\t\t\t\t\t\t\t\t\t\t\t\t\t\t\t\t\t\t\t\t\t\t\t\t\t\t\t\t\t\t\t\t\t\t\t\t\t\t\t\t\t\t\t\t\t\t\t\t\t\t\t\t\t                                <\/div>\n                            <\/div>\n                        <\/div>\n                    <\/div>\n\t\t\t\t\t                    <div class=\"penci-teammb-item pencisc-grid-item\">\n                        <div class=\"penci-teammb-inner\">\n\t\t\t\t\t\t\t<span  data-bgset=\"https:\/\/cdes.fr\/wp-content\/uploads\/2020\/08\/BARGET-Eric-2_0.jpg\" class=\"penci-image-holder penci-teammb-img penci-lazy\"><\/span>                            <div class=\"penci-team_item__info\">\n\t\t\t\t\t\t\t\t\t\t\t\t\t\t\t\t                                    <h5 class=\"penci-team_member_name\">Eric BARGET<\/h5>\n\t\t\t\t\t\t\t\t\t\t\t\t\t\t\t\t\t\t\t\t\t\t\t\t                                    <div class=\"penci-team_member_desc\">Lecturer HDR Faculty of Science and Technology<\/div>\n\t\t\t\t\t\t\t\t                                <div class=\"penci-team_member_socails penci-social-wrap\">\n\t\t\t\t\t\t\t\t\t                                        <a target=\"_blank\" rel=\"noopener\"class=\"penci-social-item penci-social-item website\"\n                                           href=\"mailto:barget@cdes.fr\"><i class=\"penci-faicon fa fa-globe\" ><\/i><\/a>\n\t\t\t\t\t\t\t\t\t\t\t\t\t\t\t\t\t\t\t\t\t\t\t\t\t\t\t\n\t\t\t\t\t\t\t\t\t\t\t\t\t\t\t\t\t\t\t\t\t\t\t\t\t\t\t\t\t\t\t\t\t\t\t\t\t\t\t\t\t\t\t\t\t\t\t\t\t\t\t\t\t\t                                <\/div>\n                            <\/div>\n                        <\/div>\n                    <\/div>\n\t\t\t\t\t                    <div class=\"penci-teammb-item pencisc-grid-item\">\n                        <div class=\"penci-teammb-inner\">\n\t\t\t\t\t\t\t<span  data-bgset=\"https:\/\/cdes.fr\/wp-content\/uploads\/2020\/08\/JFB_01.jpg\" class=\"penci-image-holder penci-teammb-img penci-lazy\"><\/span>                            <div class=\"penci-team_item__info\">\n\t\t\t\t\t\t\t\t\t\t\t\t\t\t\t\t                                    <h5 class=\"penci-team_member_name\">Jean-Fran\u00e7ois BROCARD<\/h5>\n\t\t\t\t\t\t\t\t\t\t\t\t\t\t\t\t\t\t\t\t\t\t\t\t                                    <div class=\"penci-team_member_desc\">Lecturer Faculty of Law and Economics<\/div>\n\t\t\t\t\t\t\t\t                                <div class=\"penci-team_member_socails penci-social-wrap\">\n\t\t\t\t\t\t\t\t\t                                        <a target=\"_blank\" rel=\"noopener\"class=\"penci-social-item penci-social-item website\"\n                                           href=\"mailto:brocard@cdes.fr\"><i class=\"penci-faicon fa fa-globe\" ><\/i><\/a>\n\t\t\t\t\t\t\t\t\t\t\t\t\t\t\t\t\t\t\t\t\t\t\t\t\t\t\t\n\t\t\t\t\t\t\t\t\t\t\t\t\t\t\t\t\t\t\t\t\t\t\t\t\t\t\t\t\t\t\t\t\t\t\t\t\t\t\t\t\t\t\t\t\t\t\t\t\t\t\t\t\t\t                                <\/div>\n                            <\/div>\n                        <\/div>\n                    <\/div>\n\t\t\t\t\t                    <div class=\"penci-teammb-item pencisc-grid-item\">\n                        <div class=\"penci-teammb-inner\">\n\t\t\t\t\t\t\t<span  data-bgset=\"https:\/\/cdes.fr\/wp-content\/uploads\/2020\/08\/120-585x879.jpg\" class=\"penci-image-holder penci-teammb-img penci-lazy\"><\/span>                            <div class=\"penci-team_item__info\">\n\t\t\t\t\t\t\t\t\t\t\t\t\t\t\t\t                                    <h5 class=\"penci-team_member_name\">Sabine CHAVINIER RELA<\/h5>\n\t\t\t\t\t\t\t\t\t\t\t\t\t\t\t\t\t\t\t\t\t\t\t\t                                    <div class=\"penci-team_member_desc\">Lecturer Faculty of Science and Technology<\/div>\n\t\t\t\t\t\t\t\t                                <div class=\"penci-team_member_socails penci-social-wrap\">\n\t\t\t\t\t\t\t\t\t                                        <a target=\"_blank\" rel=\"noopener\"class=\"penci-social-item penci-social-item website\"\n                                           href=\"mailto:chavinier@cdes.fr\"><i class=\"penci-faicon fa fa-globe\" ><\/i><\/a>\n\t\t\t\t\t\t\t\t\t\t\t\t\t\t\t\t\t\t\t\t\t\t\t\t\t\t\t\n\t\t\t\t\t\t\t\t\t\t\t\t\t\t\t\t\t\t\t\t\t\t\t\t\t\t\t\t\t\t\t\t\t\t\t\t\t\t\t\t\t\t\t\t\t\t\t\t\t\t\t\t\t\t                                <\/div>\n                            <\/div>\n                        <\/div>\n                    <\/div>\n\t\t\t\t\t                    <div class=\"penci-teammb-item pencisc-grid-item\">\n                        <div class=\"penci-teammb-inner\">\n\t\t\t\t\t\t\t<span  data-bgset=\"https:\/\/cdes.fr\/wp-content\/uploads\/2020\/08\/102-585x879.jpg\" class=\"penci-image-holder penci-teammb-img penci-lazy\"><\/span>                            <div class=\"penci-team_item__info\">\n\t\t\t\t\t\t\t\t\t\t\t\t\t\t\t\t                                    <h5 class=\"penci-team_member_name\">Jean-Jacques GOUGUET<\/h5>\n\t\t\t\t\t\t\t\t\t\t\t\t\t\t\t\t\t\t\t\t\t\t\t\t                                    <div class=\"penci-team_member_desc\">Professor Emeritus Faculty of Law and Economics<\/div>\n\t\t\t\t\t\t\t\t                                <div class=\"penci-team_member_socails penci-social-wrap\">\n\t\t\t\t\t\t\t\t\t                                        <a target=\"_blank\" rel=\"noopener\"class=\"penci-social-item penci-social-item website\"\n                                           href=\"mailto:gouguet@cdes.fr\"><i class=\"penci-faicon fa fa-globe\" ><\/i><\/a>\n\t\t\t\t\t\t\t\t\t\t\t\t\t\t\t\t\t\t\t\t\t\t\t\t\t\t\t\n\t\t\t\t\t\t\t\t\t\t\t\t\t\t\t\t\t\t\t\t\t\t\t\t\t\t\t\t\t\t\t\t\t\t\t\t\t\t\t\t\t\t\t\t\t\t\t\t\t\t\t\t\t\t                                <\/div>\n                            <\/div>\n                        <\/div>\n                    <\/div>\n\t\t\t\t\t                    <div class=\"penci-teammb-item pencisc-grid-item\">\n                        <div class=\"penci-teammb-inner\">\n\t\t\t\t\t\t\t<span  data-bgset=\"https:\/\/cdes.fr\/wp-content\/uploads\/2020\/10\/skander.jpg\" class=\"penci-image-holder penci-teammb-img penci-lazy\"><\/span>                            <div class=\"penci-team_item__info\">\n\t\t\t\t\t\t\t\t\t\t\t\t\t\t\t\t                                    <h5 class=\"penci-team_member_name\">Skander KARAA<\/h5>\n\t\t\t\t\t\t\t\t\t\t\t\t\t\t\t\t\t\t\t\t\t\t\t\t                                    <div class=\"penci-team_member_desc\">Lecturer Faculty of Law and Economics<\/div>\n\t\t\t\t\t\t\t\t                                <div class=\"penci-team_member_socails penci-social-wrap\">\n\t\t\t\t\t\t\t\t\t                                        <a target=\"_blank\" rel=\"noopener\"class=\"penci-social-item penci-social-item website\"\n                                           href=\"mailto:karaa@cdes.fr\"><i class=\"penci-faicon fa fa-globe\" ><\/i><\/a>\n\t\t\t\t\t\t\t\t\t\t\t\t\t\t\t\t\t\t\t\t\t\t\t\t\t\t\t\n\t\t\t\t\t\t\t\t\t\t\t\t\t\t\t\t\t\t\t\t\t\t\t\t\t\t\t\t\t\t\t\t\t\t\t\t\t\t\t\t\t\t\t\t\t\t\t\t\t\t\t\t\t\t                                <\/div>\n                            <\/div>\n                        <\/div>\n                    <\/div>\n\t\t\t\t\t                    <div class=\"penci-teammb-item pencisc-grid-item\">\n                        <div class=\"penci-teammb-inner\">\n\t\t\t\t\t\t\t<span  data-bgset=\"https:\/\/cdes.fr\/wp-content\/uploads\/2020\/08\/JPK.jpg\" class=\"penci-image-holder penci-teammb-img penci-lazy\"><\/span>                            <div class=\"penci-team_item__info\">\n\t\t\t\t\t\t\t\t\t\t\t\t\t\t\t\t                                    <h5 class=\"penci-team_member_name\">Jean-Pierre KARAQUILLO<\/h5>\n\t\t\t\t\t\t\t\t\t\t\t\t\t\t\t\t\t\t\t\t\t\t\t\t                                    <div class=\"penci-team_member_desc\">Professor Emeritus Faculty of Law and Economics<\/div>\n\t\t\t\t\t\t\t\t                                <div class=\"penci-team_member_socails penci-social-wrap\">\n\t\t\t\t\t\t\t\t\t                                        <a target=\"_blank\" rel=\"noopener\"class=\"penci-social-item penci-social-item website\"\n                                           href=\"mailto:karaquillo@cdes.fr\"><i class=\"penci-faicon fa fa-globe\" ><\/i><\/a>\n\t\t\t\t\t\t\t\t\t\t\t\t\t\t\t\t\t\t\t\t\t\t\t\t\t\t\t\n\t\t\t\t\t\t\t\t\t\t\t\t\t\t\t\t\t\t\t\t\t\t\t\t\t\t\t\t\t\t\t\t\t\t\t\t\t\t\t\t\t\t\t\t\t\t\t\t\t\t\t\t\t\t                                <\/div>\n                            <\/div>\n                        <\/div>\n                    <\/div>\n\t\t\t\t\t            <\/div>\n        <\/div>\n\t\t\t\t\t\t<\/div>\n\t\t\t\t<\/div>\n\t\t\t\t\t<\/div>\n\t\t<\/div>\n\t\t\t\t\t<\/div>\n\t\t<\/section>\n\t\t\t\t<section class=\"penci-section penci-disSticky penci-structure-10 elementor-section elementor-top-section elementor-element elementor-element-8ba7d8f elementor-section-boxed elementor-section-height-default elementor-section-height-default\" data-id=\"8ba7d8f\" data-element_type=\"section\">\n\t\t\t\t\t\t<div class=\"elementor-container elementor-column-gap-default\">\n\t\t\t\t\t<div class=\"penci-ercol-100 penci-ercol-order-1 penci-sticky-ct    elementor-column elementor-col-100 elementor-top-column elementor-element elementor-element-dfc14c4\" data-id=\"dfc14c4\" data-element_type=\"column\">\n\t\t\t<div class=\"elementor-widget-wrap elementor-element-populated\">\n\t\t\t\t\t\t<div class=\"elementor-element elementor-element-2dbed8c elementor-widget elementor-widget-text-editor\" data-id=\"2dbed8c\" data-element_type=\"widget\" data-widget_type=\"text-editor.default\">\n\t\t\t\t<div class=\"elementor-widget-container\">\n\t\t\t\t\t\t\t\t\t<ul>\n<li>\n<h4>University of GRENOBLE<\/h4>\n<\/li>\n<\/ul>\n<p><strong>&#8211; Pierre CHAIX<\/strong>, Senior Lecturer, Pierre Mend\u00e8s France Grenoble University<\/p>\n<ul>\n<li>\n<h4>University of POITIERS<\/h4>\n<\/li>\n<\/ul>\n<p>&#8211; <strong>Patrice BOUVET<\/strong>, Senior Lecturer, Faculty of Sport Sciences<\/p>\n<p>&#8211; <strong>Jean-Fran\u00e7ois LACHAUME<\/strong>, Professor Emeritus, Faculty of Law and Social Sciences<\/p>\n<ul>\n<li>\n<h4>University of REIMS<\/h4>\n<\/li>\n<\/ul>\n<p>&#8211; <strong>J\u00e9r\u00e9mie BASTIEN<\/strong>, Senior Lecturer, Faculty of Economics, Social Sciences and Management<\/p>\n<h4>THE DOCTORS<\/h4>\n<p><b>&#8211; Maxence FRANCESCHI<\/b>, \u00abPrice and market value of professional football players\u00bb<\/p>\n<p>&#8211; <strong>Philom\u00e8ne ALENE ENGAMBA<\/strong>, \u00a0\u00bb The application of transnational sports law in Cameroonian positive law \u00ab\u00a0.<\/p>\n<p>&#8211; <strong>Sylvestre AUJOL<\/strong>, \u00ab\u00a0International sports organisations and human rights\u00a0\u00bb.<\/p>\n<p>&#8211; <strong>Lydie COHEN<\/strong>, \u00ab\u00a0The right to sport for people with disabilities\u00a0\u00bb.<\/p>\n<p>&#8211; <strong>Mokhtar ESSAFI<\/strong>, \u00ab\u00a0Contribution to an improvement in employee productivity through physical and sports activity\u00a0\u00bb.<\/p>\n<p>&#8211; <strong>Alaa MRANI<\/strong>, \u00ab\u00a0Mega-sports events and inheritance evaluations. Applications to developing countries &#8211; the case of Morocco\u00a0\u00bb.<\/p>\n<p>&#8211; <strong>Romain TRIAL<\/strong>, \u00a0\u00bb Disciplinary sanctions in sports law \u00ab\u00a0.<\/p>\n<h1><strong>Latest conferences organised<\/strong><\/h1>\n<p>(in association with the CNOSF, the Council of State and the Court of Cassation)<\/p>\n<p>&#8211; \u00ab\u00a0Civil liability and insurance in sports matters: challenges and prospects\u00a0\u00bb, organised in July 2019 at the Cour de cassation.<\/p>\n<p>&#8211; \u00ab\u00a0Top-level and professional sportsmen and women and the law of 27 November 2015: assessment and prospects \u00ab\u00a0, organised in June 2017 at the Conseil d&rsquo;Etat.<\/p>\n<p>&#8211; \u00ab\u00a0The obligatory precondition for conciliation\u00a0\u00bb, organised in June 2015 at the Cour de cassation.<\/p>\n<p>&#8211; \u00ab\u00a0The integrity of sports competitions\u00a0\u00bb organised in June 2013 at the Council of State.<\/p>\n<p>&#8211; The settlement of disputes within the sports movement\u00a0\u00bb, organised in June 2011 at the Court of Cassation.<\/p>\n<h1><strong>Latest published works<\/strong><\/h1>\n<p>(in addition to the works resulting from the above-mentioned colloquia)<\/p>\n<p>&#8211; <em><strong>Agents sportifs et march\u00e9s du travail<\/strong><\/em>, co-authored by Jean-Fran\u00e7ois Brocard, HS Jurisport, Dalloz and Juris Editions, 2019.<\/p>\n<p>&#8211; <em><strong>Code du sport<\/strong><\/em>, annotated and commented, 14th edition, Dalloz.<\/p>\n<p>&#8211; <em><strong>Le droit du sport<\/strong><\/em>, Jean-Pierre Karaquillo, Connaissance du droit, 4th edition, Dalloz, 2019.<\/p>\n<p>&#8211; <em><strong>La soci\u00e9t\u00e9 dop\u00e9e<\/strong><\/em>, Jean-Fran\u00e7ois Bourg and Jean-Jacques Gouguet, Seuil, 2017.<\/p>\n<p>&#8211; <em><strong>Sport et territoire &#8211; Les enjeux pour les collectivit\u00e9s locales<\/strong><\/em>, Jean-Fran\u00e7ois Bourg and Jean-Jacques Gouguet, PUS, 2017.<\/p>\n\t\t\t\t\t\t\t\t<\/div>\n\t\t\t\t<\/div>\n\t\t\t\t\t<\/div>\n\t\t<\/div>\n\t\t\t\t\t<\/div>\n\t\t<\/section>\n\t\t\t\t<\/div>\n\t\t","protected":false},"excerpt":{"rendered":"<p>Presentation The laboratory Centre for Sports Law and Economics was created in 1977 by Fran\u00e7ois Alaphilippe and Jean-Pierre Karaquillo, professors at the Faculty of Law and Economics of the University of Limoges.&hellip;<\/p>\n","protected":false},"author":92,"featured_media":0,"parent":0,"menu_order":0,"comment_status":"closed","ping_status":"closed","template":"","meta":{"_lmt_disableupdate":"","_lmt_disable":"","footnotes":"","beyondwords_generate_audio":"","beyondwords_project_id":"","beyondwords_content_id":"","beyondwords_preview_token":"","beyondwords_player_content":"","beyondwords_player_style":"","beyondwords_language_code":"","beyondwords_language_id":"","beyondwords_title_voice_id":"","beyondwords_body_voice_id":"","beyondwords_summary_voice_id":"","beyondwords_error_message":"","beyondwords_disabled":"","beyondwords_delete_content":"","beyondwords_podcast_id":"","beyondwords_hash":"","publish_post_to_speechkit":"","speechkit_hash":"","speechkit_generate_audio":"","speechkit_project_id":"","speechkit_podcast_id":"","speechkit_error_message":"","speechkit_disabled":"","speechkit_access_key":"","speechkit_error":"","speechkit_info":"","speechkit_response":"","speechkit_retries":"","speechkit_status":"","speechkit_updated_at":"","_speechkit_link":"","_speechkit_text":""},"class_list":["post-5019","page","type-page","status-publish","hentry"],"yoast_head":"<!-- This site is optimized with the Yoast SEO plugin v25.3.1 - https:\/\/yoast.com\/wordpress\/plugins\/seo\/ -->\n<title>The laboratory Centre for Sports Law and Economics - CDES<\/title>\n<meta name=\"robots\" content=\"index, follow, max-snippet:-1, max-image-preview:large, max-video-preview:-1\" \/>\n<link rel=\"canonical\" href=\"https:\/\/cdes.fr\/?page_id=5019\" \/>\n<meta property=\"og:locale\" content=\"fr_FR\" \/>\n<meta property=\"og:type\" content=\"article\" \/>\n<meta property=\"og:title\" content=\"The laboratory Centre for Sports Law and Economics - CDES\" \/>\n<meta property=\"og:description\" content=\"Presentation The laboratory Centre for Sports Law and Economics was created in 1977 by Fran\u00e7ois Alaphilippe and Jean-Pierre Karaquillo, professors at the Faculty of Law and Economics of the University of Limoges.&hellip;\" \/>\n<meta property=\"og:url\" content=\"https:\/\/cdes.fr\/?page_id=5019&amp;lang=en\" \/>\n<meta property=\"og:site_name\" content=\"CDES\" \/>\n<meta property=\"article:modified_time\" content=\"2021-05-20T13:01:26+00:00\" \/>\n<meta name=\"twitter:card\" content=\"summary_large_image\" \/>\n<meta name=\"twitter:label1\" content=\"Dur\u00e9e de lecture estim\u00e9e\" \/>\n\t<meta name=\"twitter:data1\" content=\"3 minutes\" \/>\n<script type=\"application\/ld+json\" class=\"yoast-schema-graph\">{\"@context\":\"https:\/\/schema.org\",\"@graph\":[{\"@type\":\"WebPage\",\"@id\":\"https:\/\/cdes.fr\/?page_id=5019&lang=en\",\"url\":\"https:\/\/cdes.fr\/?page_id=5019&lang=en\",\"name\":\"The laboratory Centre for Sports Law and Economics - CDES\",\"isPartOf\":{\"@id\":\"https:\/\/cdes.fr\/#website\"},\"datePublished\":\"2021-05-20T12:57:11+00:00\",\"dateModified\":\"2021-05-20T13:01:26+00:00\",\"breadcrumb\":{\"@id\":\"https:\/\/cdes.fr\/?page_id=5019&lang=en#breadcrumb\"},\"inLanguage\":\"fr-FR\",\"potentialAction\":[{\"@type\":\"ReadAction\",\"target\":[\"https:\/\/cdes.fr\/?page_id=5019&lang=en\"]}]},{\"@type\":\"BreadcrumbList\",\"@id\":\"https:\/\/cdes.fr\/?page_id=5019&lang=en#breadcrumb\",\"itemListElement\":[{\"@type\":\"ListItem\",\"position\":1,\"name\":\"Accueil\",\"item\":\"https:\/\/cdes.fr\/\"},{\"@type\":\"ListItem\",\"position\":2,\"name\":\"The laboratory Centre for Sports Law and Economics\"}]},{\"@type\":\"WebSite\",\"@id\":\"https:\/\/cdes.fr\/#website\",\"url\":\"https:\/\/cdes.fr\/\",\"name\":\"CDES\",\"description\":\"Centre de Droit et d&#039;Economie du Sport\",\"potentialAction\":[{\"@type\":\"SearchAction\",\"target\":{\"@type\":\"EntryPoint\",\"urlTemplate\":\"https:\/\/cdes.fr\/?s={search_term_string}\"},\"query-input\":{\"@type\":\"PropertyValueSpecification\",\"valueRequired\":true,\"valueName\":\"search_term_string\"}}],\"inLanguage\":\"fr-FR\"}]}<\/script>\n<!-- \/ Yoast SEO plugin. -->","yoast_head_json":{"title":"The laboratory Centre for Sports Law and Economics - CDES","robots":{"index":"index","follow":"follow","max-snippet":"max-snippet:-1","max-image-preview":"max-image-preview:large","max-video-preview":"max-video-preview:-1"},"canonical":"https:\/\/cdes.fr\/?page_id=5019","og_locale":"fr_FR","og_type":"article","og_title":"The laboratory Centre for Sports Law and Economics - CDES","og_description":"Presentation The laboratory Centre for Sports Law and Economics was created in 1977 by Fran\u00e7ois Alaphilippe and Jean-Pierre Karaquillo, professors at the Faculty of Law and Economics of the University of Limoges.&hellip;","og_url":"https:\/\/cdes.fr\/?page_id=5019&lang=en","og_site_name":"CDES","article_modified_time":"2021-05-20T13:01:26+00:00","twitter_card":"summary_large_image","twitter_misc":{"Dur\u00e9e de lecture estim\u00e9e":"3 minutes"},"schema":{"@context":"https:\/\/schema.org","@graph":[{"@type":"WebPage","@id":"https:\/\/cdes.fr\/?page_id=5019&lang=en","url":"https:\/\/cdes.fr\/?page_id=5019&lang=en","name":"The laboratory Centre for Sports Law and Economics - CDES","isPartOf":{"@id":"https:\/\/cdes.fr\/#website"},"datePublished":"2021-05-20T12:57:11+00:00","dateModified":"2021-05-20T13:01:26+00:00","breadcrumb":{"@id":"https:\/\/cdes.fr\/?page_id=5019&lang=en#breadcrumb"},"inLanguage":"fr-FR","potentialAction":[{"@type":"ReadAction","target":["https:\/\/cdes.fr\/?page_id=5019&lang=en"]}]},{"@type":"BreadcrumbList","@id":"https:\/\/cdes.fr\/?page_id=5019&lang=en#breadcrumb","itemListElement":[{"@type":"ListItem","position":1,"name":"Accueil","item":"https:\/\/cdes.fr\/"},{"@type":"ListItem","position":2,"name":"The laboratory Centre for Sports Law and Economics"}]},{"@type":"WebSite","@id":"https:\/\/cdes.fr\/#website","url":"https:\/\/cdes.fr\/","name":"CDES","description":"Centre de Droit et d&#039;Economie du Sport","potentialAction":[{"@type":"SearchAction","target":{"@type":"EntryPoint","urlTemplate":"https:\/\/cdes.fr\/?s={search_term_string}"},"query-input":{"@type":"PropertyValueSpecification","valueRequired":true,"valueName":"search_term_string"}}],"inLanguage":"fr-FR"}]}},"_links":{"self":[{"href":"https:\/\/cdes.fr\/index.php?rest_route=\/wp\/v2\/pages\/5019","targetHints":{"allow":["GET"]}}],"collection":[{"href":"https:\/\/cdes.fr\/index.php?rest_route=\/wp\/v2\/pages"}],"about":[{"href":"https:\/\/cdes.fr\/index.php?rest_route=\/wp\/v2\/types\/page"}],"author":[{"embeddable":true,"href":"https:\/\/cdes.fr\/index.php?rest_route=\/wp\/v2\/users\/92"}],"replies":[{"embeddable":true,"href":"https:\/\/cdes.fr\/index.php?rest_route=%2Fwp%2Fv2%2Fcomments&post=5019"}],"version-history":[{"count":0,"href":"https:\/\/cdes.fr\/index.php?rest_route=\/wp\/v2\/pages\/5019\/revisions"}],"wp:attachment":[{"href":"https:\/\/cdes.fr\/index.php?rest_route=%2Fwp%2Fv2%2Fmedia&parent=5019"}],"curies":[{"name":"wp","href":"https:\/\/api.w.org\/{rel}","templated":true}]}}