{"id":4667,"date":"2021-03-29T15:35:36","date_gmt":"2021-03-29T13:35:36","guid":{"rendered":"https:\/\/cdes.fr\/?page_id=4667"},"modified":"2026-03-09T16:20:31","modified_gmt":"2026-03-09T15:20:31","slug":"comment-postuler-master-2-droit-economie-sport","status":"publish","type":"page","link":"https:\/\/cdes.fr\/?page_id=4667","title":{"rendered":"Comment postuler au Master 2 Droit et Economie du Sport ?"},"content":{"rendered":"\t\t<div data-elementor-type=\"wp-page\" data-elementor-id=\"4667\" class=\"elementor elementor-4667\" data-elementor-post-type=\"page\">\n\t\t\t\t\t\t<section class=\"penci-section penci-disSticky penci-structure-10 elementor-section elementor-top-section elementor-element elementor-element-5b4fe9c elementor-section-boxed elementor-section-height-default elementor-section-height-default\" data-id=\"5b4fe9c\" data-element_type=\"section\">\n\t\t\t\t\t\t<div class=\"elementor-container elementor-column-gap-default\">\n\t\t\t\t\t<div class=\"penci-ercol-100 penci-ercol-order-1 penci-sticky-ct    elementor-column elementor-col-100 elementor-top-column elementor-element elementor-element-5874a21\" data-id=\"5874a21\" data-element_type=\"column\">\n\t\t\t<div class=\"elementor-widget-wrap elementor-element-populated\">\n\t\t\t\t\t\t<div class=\"elementor-element elementor-element-7db1c4f elementor-widget elementor-widget-image\" data-id=\"7db1c4f\" data-element_type=\"widget\" data-widget_type=\"image.default\">\n\t\t\t\t<div class=\"elementor-widget-container\">\n\t\t\t\t\t\t\t\t\t\t\t\t\t\t\t<img fetchpriority=\"high\" decoding=\"async\" width=\"1024\" height=\"500\" src=\"https:\/\/cdes.fr\/wp-content\/uploads\/2023\/03\/Visuel-vignette-Master-2-unilim-1024x500.png\" class=\"attachment-large size-large wp-image-10848\" alt=\"\" srcset=\"https:\/\/cdes.fr\/wp-content\/uploads\/2023\/03\/Visuel-vignette-Master-2-unilim-1024x500.png 1024w, https:\/\/cdes.fr\/wp-content\/uploads\/2023\/03\/Visuel-vignette-Master-2-unilim-300x146.png 300w, https:\/\/cdes.fr\/wp-content\/uploads\/2023\/03\/Visuel-vignette-Master-2-unilim-768x375.png 768w, https:\/\/cdes.fr\/wp-content\/uploads\/2023\/03\/Visuel-vignette-Master-2-unilim-1536x750.png 1536w, https:\/\/cdes.fr\/wp-content\/uploads\/2023\/03\/Visuel-vignette-Master-2-unilim-2048x1000.png 2048w, https:\/\/cdes.fr\/wp-content\/uploads\/2023\/03\/Visuel-vignette-Master-2-unilim-1920x937.png 1920w, https:\/\/cdes.fr\/wp-content\/uploads\/2023\/03\/Visuel-vignette-Master-2-unilim-1170x571.png 1170w, https:\/\/cdes.fr\/wp-content\/uploads\/2023\/03\/Visuel-vignette-Master-2-unilim-585x286.png 585w, https:\/\/cdes.fr\/wp-content\/uploads\/2023\/03\/Visuel-vignette-Master-2-unilim-600x293.png 600w\" sizes=\"(max-width: 1024px) 100vw, 1024px\" \/>\t\t\t\t\t\t\t\t\t\t\t\t\t\t\t<\/div>\n\t\t\t\t<\/div>\n\t\t\t\t\t<\/div>\n\t\t<\/div>\n\t\t\t\t\t<\/div>\n\t\t<\/section>\n\t\t\t\t<section class=\"penci-section penci-disSticky penci-structure-10 elementor-section elementor-top-section elementor-element elementor-element-d81d4fb elementor-section-boxed elementor-section-height-default elementor-section-height-default\" data-id=\"d81d4fb\" data-element_type=\"section\">\n\t\t\t\t\t\t<div class=\"elementor-container elementor-column-gap-default\">\n\t\t\t\t\t<div class=\"penci-ercol-100 penci-ercol-order-1 penci-sticky-ct    elementor-column elementor-col-100 elementor-top-column elementor-element elementor-element-0b7675e\" data-id=\"0b7675e\" data-element_type=\"column\">\n\t\t\t<div class=\"elementor-widget-wrap elementor-element-populated\">\n\t\t\t\t\t\t<div class=\"elementor-element elementor-element-0d7a23b elementor-widget elementor-widget-text-editor\" data-id=\"0d7a23b\" data-element_type=\"widget\" data-widget_type=\"text-editor.default\">\n\t\t\t\t<div class=\"elementor-widget-container\">\n\t\t\t\t\t\t\t\t\t<h1>\u00a0<\/h1><h1><span style=\"color: #5fcdcd;\"><strong>COMMENT POSTULER AU MASTER 2 ?<\/strong><\/span><\/h1><h3><span style=\"color: #16144e;\"><strong>RECEVABILIT\u00c9 DES DOSSIERS<\/strong><\/span><\/h3><p>Les candidats doivent r\u00e9pondre aux conditions suivantes :<\/p><ul><li><strong><em>formation initiale<\/em><\/strong>\u00a0: \u00eatre au moins titulaire d\u2019un master 1 (ou dipl\u00f4me \u00e9quivalent) de pr\u00e9f\u00e9rence en droit, en sciences \u00e9conomiques, en sciences politiques ou en sciences de gestion.<\/li><li><strong><em>formation continue<\/em><\/strong>\u00a0: \u00eatre titulaire d\u2019un dipl\u00f4me du niveau requis en formation initiale ou d\u2019une exp\u00e9rience professionnelle minimale de 5 ans. A d\u00e9faut du dipl\u00f4me requis, la candidature doit obligatoirement faire l\u2019objet d\u2019une proc\u00e9dure de validation des acquis (VAP-renseignements dfc@unilim.fr).<\/li><\/ul><h3><span style=\"color: #16144e;\"><strong>CONSTITUTION ET D\u00c9P\u00d4T DES DOSSIERS<\/strong><\/span><\/h3><p>Le d\u00e9p\u00f4t des dossiers de candidature pour l&rsquo;ann\u00e9e 2025\/2026 est \u00e0 r\u00e9aliser en ligne sur la plateforme e-candidat de l&rsquo;Universit\u00e9 de Limoges du 10 mars au 05 mai 2025.<\/p><p>Pour faire acte de candidature au Master 2 Droit et Economie du Sport, il convient :<\/p><ol><li>de se connecter \u00e0 la plateforme de e-candidat de l&rsquo;Universit\u00e9 de Limoges en cliquant ici\u00a0<a href=\"https:\/\/ecandidat.unilim.fr\/ecandidat\/#!accueilView\">e-candidat.<\/a><\/li><li>de renseigner les formulaires<\/li><li>et de d\u00e9poser les pi\u00e8ces justificatives demand\u00e9es<\/li><\/ol><p>Tout dossier envoy\u00e9 hors les d\u00e9lais fix\u00e9s n&rsquo;est pas examin\u00e9.<\/p><h3><span style=\"color: #16144e;\"><strong>EXAMEN DES CANDIDATURES<\/strong><\/span><\/h3><p>L\u2019\u00e9tude des candidatures s\u2019effectue en deux phases. Un premier choix d\u2019une cinquantaine de candidats est op\u00e9r\u00e9 sur examen des dossiers. Puis, le choix d\u00e9finitif est effectu\u00e9 sur la base d\u2019une \u00e9preuve \u00e9crite d\u2019une heure (ne n\u00e9cessitant pas de pr\u00e9paration sp\u00e9cifique) et d\u2019un entretien individuel.\u00a0<\/p><h3><span style=\"color: #16144e;\">D\u00c9LIVRANCE DU DIPL\u00d4ME\u00a0<\/span><\/h3><p>Pour obtenir le\u00a0<strong>Master 2 Droit et Economie du Sport<\/strong>, les candidats doivent subir avec succ\u00e8s les \u00e9preuves suivantes :<\/p><ul><li>4 \u00e9preuves \u00e9crites r\u00e9parties sur la dur\u00e9e de la formation ;<\/li><li>Le d\u00e9p\u00f4t d\u2019un travail de fin d\u2019\u00e9tudes mi-juillet et sa soutenance fin ao\u00fbt.<\/li><\/ul><p>L\u2019obtention du Master 2 est \u00e9galement conditionn\u00e9e \u00e0 la pr\u00e9sence du candidat \u00e0 l\u2019ensemble des 15 sessions de formation.<\/p>\t\t\t\t\t\t\t\t<\/div>\n\t\t\t\t<\/div>\n\t\t\t\t\t<\/div>\n\t\t<\/div>\n\t\t\t\t\t<\/div>\n\t\t<\/section>\n\t\t\t\t<section class=\"penci-section penci-disSticky penci-structure-10 elementor-section elementor-top-section elementor-element elementor-element-fefe4c5 elementor-section-boxed elementor-section-height-default elementor-section-height-default\" data-id=\"fefe4c5\" data-element_type=\"section\">\n\t\t\t\t\t\t<div class=\"elementor-container elementor-column-gap-default\">\n\t\t\t\t\t<div class=\"penci-ercol-100 penci-ercol-order-1 penci-sticky-ct    elementor-column elementor-col-100 elementor-top-column elementor-element elementor-element-d7a7cb5\" data-id=\"d7a7cb5\" data-element_type=\"column\">\n\t\t\t<div class=\"elementor-widget-wrap elementor-element-populated\">\n\t\t\t\t\t\t<div class=\"elementor-element elementor-element-1b8a526 elementor-align-center elementor-widget elementor-widget-button\" data-id=\"1b8a526\" data-element_type=\"widget\" data-widget_type=\"button.default\">\n\t\t\t\t<div class=\"elementor-widget-container\">\n\t\t\t\t\t\t\t\t\t<div class=\"elementor-button-wrapper\">\n\t\t\t\t\t<a class=\"elementor-button elementor-button-link elementor-size-md elementor-animation-grow\" href=\"https:\/\/ecandidat.unilim.fr\/ecandidat\/#!accueilView\" target=\"_blank\">\n\t\t\t\t\t\t<span class=\"elementor-button-content-wrapper\">\n\t\t\t\t\t\t\t\t\t<span class=\"elementor-button-text\">Acc\u00e8s plateforme e-candidat<\/span>\n\t\t\t\t\t<\/span>\n\t\t\t\t\t<\/a>\n\t\t\t\t<\/div>\n\t\t\t\t\t\t\t\t<\/div>\n\t\t\t\t<\/div>\n\t\t\t\t\t<\/div>\n\t\t<\/div>\n\t\t\t\t\t<\/div>\n\t\t<\/section>\n\t\t\t\t<\/div>\n\t\t","protected":false},"excerpt":{"rendered":"<p>\u00a0 COMMENT POSTULER AU MASTER 2 ? RECEVABILIT\u00c9 DES DOSSIERS Les candidats doivent r\u00e9pondre aux conditions suivantes : formation initiale\u00a0: \u00eatre au moins titulaire d\u2019un master 1 (ou dipl\u00f4me \u00e9quivalent) de pr\u00e9f\u00e9rence&hellip;<\/p>\n","protected":false},"author":92,"featured_media":0,"parent":0,"menu_order":0,"comment_status":"closed","ping_status":"closed","template":"","meta":{"_lmt_disableupdate":"","_lmt_disable":"","footnotes":"","beyondwords_generate_audio":"1","beyondwords_project_id":"45814","beyondwords_content_id":"83ccf02e-1047-486c-a4d1-fc771261eaee","beyondwords_preview_token":"509b9247-11d0-476d-b708-787a9c4cd88d","beyondwords_player_content":"","beyondwords_player_style":"","beyondwords_language_code":"","beyondwords_language_id":"","beyondwords_title_voice_id":"","beyondwords_body_voice_id":"","beyondwords_summary_voice_id":"","beyondwords_error_message":"","beyondwords_disabled":"","beyondwords_delete_content":"","beyondwords_podcast_id":"","beyondwords_hash":"","publish_post_to_speechkit":"","speechkit_hash":"","speechkit_generate_audio":"","speechkit_project_id":"","speechkit_podcast_id":"","speechkit_error_message":"","speechkit_disabled":"","speechkit_access_key":"","speechkit_error":"","speechkit_info":"","speechkit_response":"","speechkit_retries":"","speechkit_status":"","speechkit_updated_at":"","_speechkit_link":"","_speechkit_text":""},"class_list":["post-4667","page","type-page","status-publish","hentry"],"yoast_head":"<!-- This site is optimized with the Yoast SEO plugin v25.3.1 - https:\/\/yoast.com\/wordpress\/plugins\/seo\/ -->\n<title>Comment postuler au Master 2 Droit et Economie du Sport ? - CDES<\/title>\n<meta name=\"robots\" content=\"index, follow, max-snippet:-1, max-image-preview:large, max-video-preview:-1\" \/>\n<link rel=\"canonical\" href=\"https:\/\/cdes.fr\/?page_id=4667\" \/>\n<meta property=\"og:locale\" content=\"fr_FR\" \/>\n<meta property=\"og:type\" content=\"article\" \/>\n<meta property=\"og:title\" content=\"Comment postuler au Master 2 Droit et Economie du Sport ? - CDES\" \/>\n<meta property=\"og:description\" content=\"\u00a0 COMMENT POSTULER AU MASTER 2 ? RECEVABILIT\u00c9 DES DOSSIERS Les candidats doivent r\u00e9pondre aux conditions suivantes : formation initiale\u00a0: \u00eatre au moins titulaire d\u2019un master 1 (ou dipl\u00f4me \u00e9quivalent) de pr\u00e9f\u00e9rence&hellip;\" \/>\n<meta property=\"og:url\" content=\"https:\/\/cdes.fr\/?page_id=4667\" \/>\n<meta property=\"og:site_name\" content=\"CDES\" \/>\n<meta property=\"article:modified_time\" content=\"2026-03-09T15:20:31+00:00\" \/>\n<meta property=\"og:image\" content=\"https:\/\/cdes.fr\/wp-content\/uploads\/2023\/03\/Visuel-vignette-Master-2-unilim-1024x500.png\" \/>\n<meta name=\"twitter:card\" content=\"summary_large_image\" \/>\n<meta name=\"twitter:label1\" content=\"Dur\u00e9e de lecture estim\u00e9e\" \/>\n\t<meta name=\"twitter:data1\" content=\"2 minutes\" \/>\n<script type=\"application\/ld+json\" class=\"yoast-schema-graph\">{\"@context\":\"https:\/\/schema.org\",\"@graph\":[{\"@type\":\"WebPage\",\"@id\":\"https:\/\/cdes.fr\/?page_id=4667\",\"url\":\"https:\/\/cdes.fr\/?page_id=4667\",\"name\":\"Comment postuler au Master 2 Droit et Economie du Sport ? - CDES\",\"isPartOf\":{\"@id\":\"https:\/\/cdes.fr\/#website\"},\"primaryImageOfPage\":{\"@id\":\"https:\/\/cdes.fr\/?page_id=4667#primaryimage\"},\"image\":{\"@id\":\"https:\/\/cdes.fr\/?page_id=4667#primaryimage\"},\"thumbnailUrl\":\"https:\/\/cdes.fr\/wp-content\/uploads\/2023\/03\/Visuel-vignette-Master-2-unilim-1024x500.png\",\"datePublished\":\"2021-03-29T13:35:36+00:00\",\"dateModified\":\"2026-03-09T15:20:31+00:00\",\"breadcrumb\":{\"@id\":\"https:\/\/cdes.fr\/?page_id=4667#breadcrumb\"},\"inLanguage\":\"fr-FR\",\"potentialAction\":[{\"@type\":\"ReadAction\",\"target\":[\"https:\/\/cdes.fr\/?page_id=4667\"]}]},{\"@type\":\"ImageObject\",\"inLanguage\":\"fr-FR\",\"@id\":\"https:\/\/cdes.fr\/?page_id=4667#primaryimage\",\"url\":\"https:\/\/cdes.fr\/wp-content\/uploads\/2023\/03\/Visuel-vignette-Master-2-unilim.png\",\"contentUrl\":\"https:\/\/cdes.fr\/wp-content\/uploads\/2023\/03\/Visuel-vignette-Master-2-unilim.png\",\"width\":4267,\"height\":2083},{\"@type\":\"BreadcrumbList\",\"@id\":\"https:\/\/cdes.fr\/?page_id=4667#breadcrumb\",\"itemListElement\":[{\"@type\":\"ListItem\",\"position\":1,\"name\":\"Accueil\",\"item\":\"https:\/\/cdes.fr\/\"},{\"@type\":\"ListItem\",\"position\":2,\"name\":\"Comment postuler au Master 2 Droit et Economie du Sport ?\"}]},{\"@type\":\"WebSite\",\"@id\":\"https:\/\/cdes.fr\/#website\",\"url\":\"https:\/\/cdes.fr\/\",\"name\":\"CDES\",\"description\":\"Centre de Droit et d&#039;Economie du Sport\",\"potentialAction\":[{\"@type\":\"SearchAction\",\"target\":{\"@type\":\"EntryPoint\",\"urlTemplate\":\"https:\/\/cdes.fr\/?s={search_term_string}\"},\"query-input\":{\"@type\":\"PropertyValueSpecification\",\"valueRequired\":true,\"valueName\":\"search_term_string\"}}],\"inLanguage\":\"fr-FR\"}]}<\/script>\n<!-- \/ Yoast SEO plugin. -->","yoast_head_json":{"title":"Comment postuler au Master 2 Droit et Economie du Sport ? - CDES","robots":{"index":"index","follow":"follow","max-snippet":"max-snippet:-1","max-image-preview":"max-image-preview:large","max-video-preview":"max-video-preview:-1"},"canonical":"https:\/\/cdes.fr\/?page_id=4667","og_locale":"fr_FR","og_type":"article","og_title":"Comment postuler au Master 2 Droit et Economie du Sport ? - CDES","og_description":"\u00a0 COMMENT POSTULER AU MASTER 2 ? RECEVABILIT\u00c9 DES DOSSIERS Les candidats doivent r\u00e9pondre aux conditions suivantes : formation initiale\u00a0: \u00eatre au moins titulaire d\u2019un master 1 (ou dipl\u00f4me \u00e9quivalent) de pr\u00e9f\u00e9rence&hellip;","og_url":"https:\/\/cdes.fr\/?page_id=4667","og_site_name":"CDES","article_modified_time":"2026-03-09T15:20:31+00:00","og_image":[{"url":"https:\/\/cdes.fr\/wp-content\/uploads\/2023\/03\/Visuel-vignette-Master-2-unilim-1024x500.png","type":"","width":"","height":""}],"twitter_card":"summary_large_image","twitter_misc":{"Dur\u00e9e de lecture estim\u00e9e":"2 minutes"},"schema":{"@context":"https:\/\/schema.org","@graph":[{"@type":"WebPage","@id":"https:\/\/cdes.fr\/?page_id=4667","url":"https:\/\/cdes.fr\/?page_id=4667","name":"Comment postuler au Master 2 Droit et Economie du Sport ? - CDES","isPartOf":{"@id":"https:\/\/cdes.fr\/#website"},"primaryImageOfPage":{"@id":"https:\/\/cdes.fr\/?page_id=4667#primaryimage"},"image":{"@id":"https:\/\/cdes.fr\/?page_id=4667#primaryimage"},"thumbnailUrl":"https:\/\/cdes.fr\/wp-content\/uploads\/2023\/03\/Visuel-vignette-Master-2-unilim-1024x500.png","datePublished":"2021-03-29T13:35:36+00:00","dateModified":"2026-03-09T15:20:31+00:00","breadcrumb":{"@id":"https:\/\/cdes.fr\/?page_id=4667#breadcrumb"},"inLanguage":"fr-FR","potentialAction":[{"@type":"ReadAction","target":["https:\/\/cdes.fr\/?page_id=4667"]}]},{"@type":"ImageObject","inLanguage":"fr-FR","@id":"https:\/\/cdes.fr\/?page_id=4667#primaryimage","url":"https:\/\/cdes.fr\/wp-content\/uploads\/2023\/03\/Visuel-vignette-Master-2-unilim.png","contentUrl":"https:\/\/cdes.fr\/wp-content\/uploads\/2023\/03\/Visuel-vignette-Master-2-unilim.png","width":4267,"height":2083},{"@type":"BreadcrumbList","@id":"https:\/\/cdes.fr\/?page_id=4667#breadcrumb","itemListElement":[{"@type":"ListItem","position":1,"name":"Accueil","item":"https:\/\/cdes.fr\/"},{"@type":"ListItem","position":2,"name":"Comment postuler au Master 2 Droit et Economie du Sport ?"}]},{"@type":"WebSite","@id":"https:\/\/cdes.fr\/#website","url":"https:\/\/cdes.fr\/","name":"CDES","description":"Centre de Droit et d&#039;Economie du Sport","potentialAction":[{"@type":"SearchAction","target":{"@type":"EntryPoint","urlTemplate":"https:\/\/cdes.fr\/?s={search_term_string}"},"query-input":{"@type":"PropertyValueSpecification","valueRequired":true,"valueName":"search_term_string"}}],"inLanguage":"fr-FR"}]}},"_links":{"self":[{"href":"https:\/\/cdes.fr\/index.php?rest_route=\/wp\/v2\/pages\/4667","targetHints":{"allow":["GET"]}}],"collection":[{"href":"https:\/\/cdes.fr\/index.php?rest_route=\/wp\/v2\/pages"}],"about":[{"href":"https:\/\/cdes.fr\/index.php?rest_route=\/wp\/v2\/types\/page"}],"author":[{"embeddable":true,"href":"https:\/\/cdes.fr\/index.php?rest_route=\/wp\/v2\/users\/92"}],"replies":[{"embeddable":true,"href":"https:\/\/cdes.fr\/index.php?rest_route=%2Fwp%2Fv2%2Fcomments&post=4667"}],"version-history":[{"count":26,"href":"https:\/\/cdes.fr\/index.php?rest_route=\/wp\/v2\/pages\/4667\/revisions"}],"predecessor-version":[{"id":18035,"href":"https:\/\/cdes.fr\/index.php?rest_route=\/wp\/v2\/pages\/4667\/revisions\/18035"}],"wp:attachment":[{"href":"https:\/\/cdes.fr\/index.php?rest_route=%2Fwp%2Fv2%2Fmedia&parent=4667"}],"curies":[{"name":"wp","href":"https:\/\/api.w.org\/{rel}","templated":true}]}}