{"id":1576,"date":"2020-08-24T12:07:50","date_gmt":"2020-08-24T10:07:50","guid":{"rendered":"http:\/\/new.cdes.fr\/?page_id=1576"},"modified":"2025-03-05T12:13:43","modified_gmt":"2025-03-05T11:13:43","slug":"formations-professionnelles-continues","status":"publish","type":"page","link":"https:\/\/cdes.fr\/?page_id=1576","title":{"rendered":"Formation professionnelle continue"},"content":{"rendered":"\t\t<div data-elementor-type=\"wp-page\" data-elementor-id=\"1576\" class=\"elementor elementor-1576\" data-elementor-post-type=\"page\">\n\t\t\t\t\t\t<section class=\"penci-section penci-disSticky penci-structure-10 elementor-section elementor-top-section elementor-element elementor-element-20999c2 elementor-section-boxed elementor-section-height-default elementor-section-height-default\" data-id=\"20999c2\" data-element_type=\"section\">\n\t\t\t\t\t\t<div class=\"elementor-container elementor-column-gap-default\">\n\t\t\t\t\t<div class=\"penci-ercol-100 penci-ercol-order-1 penci-sticky-ct    elementor-column elementor-col-100 elementor-top-column elementor-element elementor-element-c89dc1e\" data-id=\"c89dc1e\" data-element_type=\"column\">\n\t\t\t<div class=\"elementor-widget-wrap elementor-element-populated\">\n\t\t\t\t\t\t<div class=\"elementor-element elementor-element-9635c6f elementor-widget elementor-widget-text-editor\" data-id=\"9635c6f\" data-element_type=\"widget\" data-widget_type=\"text-editor.default\">\n\t\t\t\t<div class=\"elementor-widget-container\">\n\t\t\t\t\t\t\t\t\t<h1>Formations professionnelles continues<\/h1><p>Le CDES peut accompagner ses clients dans le cadre de formations \u00e0 l\u2019attention d\u2019un public cibl\u00e9 : formation de dirigeants, formation professionnelle continue, formations internes\u2026<br \/>Ainsi, au cours des derni\u00e8res ann\u00e9es, de nombreuses missions de formation nous ont \u00e9t\u00e9 confi\u00e9es par des institutions sportives, des syndicats, des unions de clubs\u2026<\/p><p>Ces formations sont dispens\u00e9es par les experts du CDES (parfois en partenariat avec d\u2019autres cabinets expert lorsque cela est n\u00e9cessaire) et sont adapt\u00e9es \u00e0 la th\u00e9matique et au public auxquelles elles s\u2019adressent. Fort de pr\u00e8s de 40 ans d\u2019activit\u00e9 de formation dans le secteur Sport et de son approche pluridisciplinaire, le CDES est aujourd\u2019hui un acteur incontournable dans le domaine de la formation.<\/p><h2><span style=\"font-size: inherit;\">POURQUOI ?<\/span><\/h2><ul><li>Parce que nous sommes convaincus que les acteurs du secteur sport doivent se former pour rester au fait des enjeux majeurs du sport fran\u00e7ais et europ\u00e9en ;<\/li><li><span style=\"font-size: inherit;\">Parce que notre immersion constante dans l\u2019actualit\u00e9 du sport nous permet d\u2019\u00eatre au c\u0153ur des probl\u00e9matiques du secteur ;<\/span><\/li><li><span style=\"font-size: inherit;\">Parce que nous souhaitons contribuer \u00e0 la formation des acteurs en vue d\u2019am\u00e9liorer la professionnalisation\u00a0 du secteur.<\/span><\/li><\/ul><h2><span style=\"font-size: inherit;\">POUR QUI ?<\/span><\/h2><ul><li>Vous \u00eates <strong>une f\u00e9d\u00e9ration<\/strong>, nous pouvons former (ou informer)<ul><li>vos dirigeants b\u00e9n\u00e9voles et salari\u00e9s<\/li><li>les membres de votre staff administratif<\/li><li>les dirigeants de vos organes d\u00e9concentr\u00e9s<\/li><\/ul><\/li><li>Vous \u00eates <strong>un acteur public<\/strong>, nous pouvons former (ou informer)<ul><li>vos agents<\/li><li>les dirigeants des institutions sportives avec lesquelles vous \u00eates en contact<\/li><\/ul><\/li><li>Vous \u00eates <strong>un syndicat<\/strong>, nous pouvons former (ou informer)<ul><li>vos adh\u00e9rents<\/li><li>Les accompagner dans leur processus de reconversion par des formations adapt\u00e9es<\/li><\/ul><\/li><\/ul><h2>COMMENT ?<\/h2><p>Nous proposons des formations professionnelles continues (Les journ\u00e9es CDES) qui repr\u00e9sentent des mises \u00e0 niveau indispensables sur l&rsquo;actualit\u00e9 juridique et \u00e9conomique du secteur. Ces journ\u00e9es sont des actions de formation de niveau \u00abexpert\u00bb. Dispens\u00e9es par les sp\u00e9cialistes du CDES, elles ont pour objectif :<\/p><ul><li>d\u2019analyser l\u2019\u00e9volution des actualit\u00e9s juridiques du sport sur une ann\u00e9e,<\/li><li>d\u2019\u00e9tudier un th\u00e8me particulier soulevant de nouvelles probl\u00e9matiques en droit du sport.<\/li><\/ul><p>Organis\u00e9es sur une journ\u00e9e, ces actions associent apports acad\u00e9miques, mises en situation et \u00e9changes entre participants.<\/p><p>Nous r\u00e9pondons \u00e9galement \u00e0 tous besoins de formation. Au regard des attentes p\u00e9dagogiques et du public vis\u00e9, nous concevons diff\u00e9rents types d&rsquo;interventions.<\/p><h2>LES TH\u00c9MATIQUES QUE NOUS MAITRISONS<\/h2><ul><li>Droit du sport<\/li><li>Statut juridique des institutions sportives<\/li><li>Financement public et priv\u00e9 du sport<\/li><li>Les r\u00e8glements des litiges sportifs<\/li><li>La CCNS<\/li><li>L\u2019emploi sportif<\/li><li>Responsabilit\u00e9 et assurance dans le sport<\/li><li>Le statut des sportifs de haut-niveau<\/li><li>Les lieux de pratique sportive<\/li><li>Stades et ar\u00e9nas<\/li><li>Mod\u00e8le \u00e9conomique du sport professionnel<\/li><li>Prestations sociales dans le sport<\/li><li>Sport et m\u00e9dias<\/li><li>L\u2019organisation du mouvement sportif fran\u00e7ais et international<\/li><li>Mod\u00e8le \u00e9conomique des sports Nord-Am\u00e9ricains<\/li><\/ul>\t\t\t\t\t\t\t\t<\/div>\n\t\t\t\t<\/div>\n\t\t\t\t<div class=\"elementor-element elementor-element-adbc606 elementor-button-warning elementor-align-center elementor-widget elementor-widget-button\" data-id=\"adbc606\" data-element_type=\"widget\" data-widget_type=\"button.default\">\n\t\t\t\t<div class=\"elementor-widget-container\">\n\t\t\t\t\t\t\t\t\t<div class=\"elementor-button-wrapper\">\n\t\t\t\t\t<a class=\"elementor-button elementor-button-link elementor-size-sm\" href=\"mailto:espinet-fumat@cdes.fr\">\n\t\t\t\t\t\t<span class=\"elementor-button-content-wrapper\">\n\t\t\t\t\t\t\t\t\t<span class=\"elementor-button-text\">Contactez nous<\/span>\n\t\t\t\t\t<\/span>\n\t\t\t\t\t<\/a>\n\t\t\t\t<\/div>\n\t\t\t\t\t\t\t\t<\/div>\n\t\t\t\t<\/div>\n\t\t\t\t\t<\/div>\n\t\t<\/div>\n\t\t\t\t\t<\/div>\n\t\t<\/section>\n\t\t\t\t<\/div>\n\t\t","protected":false},"excerpt":{"rendered":"<p>Formations professionnelles continues Le CDES peut accompagner ses clients dans le cadre de formations \u00e0 l\u2019attention d\u2019un public cibl\u00e9 : formation de dirigeants, formation professionnelle continue, formations internes\u2026Ainsi, au cours des derni\u00e8res&hellip;<\/p>\n","protected":false},"author":92,"featured_media":0,"parent":1175,"menu_order":0,"comment_status":"closed","ping_status":"closed","template":"","meta":{"_lmt_disableupdate":"","_lmt_disable":"","footnotes":"","beyondwords_generate_audio":"","beyondwords_project_id":"","beyondwords_content_id":"","beyondwords_preview_token":"","beyondwords_player_content":"","beyondwords_player_style":"","beyondwords_language_code":"","beyondwords_language_id":"","beyondwords_title_voice_id":"","beyondwords_body_voice_id":"","beyondwords_summary_voice_id":"","beyondwords_error_message":"","beyondwords_disabled":"","beyondwords_delete_content":"","beyondwords_podcast_id":"","beyondwords_hash":"","publish_post_to_speechkit":"","speechkit_hash":"","speechkit_generate_audio":"","speechkit_project_id":"","speechkit_podcast_id":"","speechkit_error_message":"","speechkit_disabled":"","speechkit_access_key":"","speechkit_error":"","speechkit_info":"","speechkit_response":"","speechkit_retries":"","speechkit_status":"","speechkit_updated_at":"","_speechkit_link":"","_speechkit_text":""},"class_list":["post-1576","page","type-page","status-publish","hentry"],"yoast_head":"<!-- This site is optimized with the Yoast SEO plugin v25.3.1 - https:\/\/yoast.com\/wordpress\/plugins\/seo\/ -->\n<title>Formation professionnelle continue - CDES<\/title>\n<meta name=\"robots\" content=\"index, follow, max-snippet:-1, max-image-preview:large, max-video-preview:-1\" \/>\n<link rel=\"canonical\" href=\"https:\/\/cdes.fr\/?page_id=1576\" \/>\n<meta property=\"og:locale\" content=\"fr_FR\" \/>\n<meta property=\"og:type\" content=\"article\" \/>\n<meta property=\"og:title\" content=\"Formation professionnelle continue - CDES\" \/>\n<meta property=\"og:description\" content=\"Formations professionnelles continues Le CDES peut accompagner ses clients dans le cadre de formations \u00e0 l\u2019attention d\u2019un public cibl\u00e9 : formation de dirigeants, formation professionnelle continue, formations internes\u2026Ainsi, au cours des derni\u00e8res&hellip;\" \/>\n<meta property=\"og:url\" content=\"https:\/\/cdes.fr\/?page_id=1576\" \/>\n<meta property=\"og:site_name\" content=\"CDES\" \/>\n<meta property=\"article:modified_time\" content=\"2025-03-05T11:13:43+00:00\" \/>\n<meta name=\"twitter:card\" content=\"summary_large_image\" \/>\n<meta name=\"twitter:label1\" content=\"Dur\u00e9e de lecture estim\u00e9e\" \/>\n\t<meta name=\"twitter:data1\" content=\"3 minutes\" \/>\n<script type=\"application\/ld+json\" class=\"yoast-schema-graph\">{\"@context\":\"https:\/\/schema.org\",\"@graph\":[{\"@type\":\"WebPage\",\"@id\":\"https:\/\/cdes.fr\/?page_id=1576\",\"url\":\"https:\/\/cdes.fr\/?page_id=1576\",\"name\":\"Formation professionnelle continue - CDES\",\"isPartOf\":{\"@id\":\"https:\/\/cdes.fr\/#website\"},\"datePublished\":\"2020-08-24T10:07:50+00:00\",\"dateModified\":\"2025-03-05T11:13:43+00:00\",\"breadcrumb\":{\"@id\":\"https:\/\/cdes.fr\/?page_id=1576#breadcrumb\"},\"inLanguage\":\"fr-FR\",\"potentialAction\":[{\"@type\":\"ReadAction\",\"target\":[\"https:\/\/cdes.fr\/?page_id=1576\"]}]},{\"@type\":\"BreadcrumbList\",\"@id\":\"https:\/\/cdes.fr\/?page_id=1576#breadcrumb\",\"itemListElement\":[{\"@type\":\"ListItem\",\"position\":1,\"name\":\"Accueil\",\"item\":\"https:\/\/cdes.fr\/\"},{\"@type\":\"ListItem\",\"position\":2,\"name\":\"Dipl\u00f4mes et Formations\",\"item\":\"https:\/\/cdes.fr\/?page_id=1175\"},{\"@type\":\"ListItem\",\"position\":3,\"name\":\"Formation professionnelle continue\"}]},{\"@type\":\"WebSite\",\"@id\":\"https:\/\/cdes.fr\/#website\",\"url\":\"https:\/\/cdes.fr\/\",\"name\":\"CDES\",\"description\":\"Centre de Droit et d&#039;Economie du Sport\",\"potentialAction\":[{\"@type\":\"SearchAction\",\"target\":{\"@type\":\"EntryPoint\",\"urlTemplate\":\"https:\/\/cdes.fr\/?s={search_term_string}\"},\"query-input\":{\"@type\":\"PropertyValueSpecification\",\"valueRequired\":true,\"valueName\":\"search_term_string\"}}],\"inLanguage\":\"fr-FR\"}]}<\/script>\n<!-- \/ Yoast SEO plugin. -->","yoast_head_json":{"title":"Formation professionnelle continue - CDES","robots":{"index":"index","follow":"follow","max-snippet":"max-snippet:-1","max-image-preview":"max-image-preview:large","max-video-preview":"max-video-preview:-1"},"canonical":"https:\/\/cdes.fr\/?page_id=1576","og_locale":"fr_FR","og_type":"article","og_title":"Formation professionnelle continue - CDES","og_description":"Formations professionnelles continues Le CDES peut accompagner ses clients dans le cadre de formations \u00e0 l\u2019attention d\u2019un public cibl\u00e9 : formation de dirigeants, formation professionnelle continue, formations internes\u2026Ainsi, au cours des derni\u00e8res&hellip;","og_url":"https:\/\/cdes.fr\/?page_id=1576","og_site_name":"CDES","article_modified_time":"2025-03-05T11:13:43+00:00","twitter_card":"summary_large_image","twitter_misc":{"Dur\u00e9e de lecture estim\u00e9e":"3 minutes"},"schema":{"@context":"https:\/\/schema.org","@graph":[{"@type":"WebPage","@id":"https:\/\/cdes.fr\/?page_id=1576","url":"https:\/\/cdes.fr\/?page_id=1576","name":"Formation professionnelle continue - CDES","isPartOf":{"@id":"https:\/\/cdes.fr\/#website"},"datePublished":"2020-08-24T10:07:50+00:00","dateModified":"2025-03-05T11:13:43+00:00","breadcrumb":{"@id":"https:\/\/cdes.fr\/?page_id=1576#breadcrumb"},"inLanguage":"fr-FR","potentialAction":[{"@type":"ReadAction","target":["https:\/\/cdes.fr\/?page_id=1576"]}]},{"@type":"BreadcrumbList","@id":"https:\/\/cdes.fr\/?page_id=1576#breadcrumb","itemListElement":[{"@type":"ListItem","position":1,"name":"Accueil","item":"https:\/\/cdes.fr\/"},{"@type":"ListItem","position":2,"name":"Dipl\u00f4mes et Formations","item":"https:\/\/cdes.fr\/?page_id=1175"},{"@type":"ListItem","position":3,"name":"Formation professionnelle continue"}]},{"@type":"WebSite","@id":"https:\/\/cdes.fr\/#website","url":"https:\/\/cdes.fr\/","name":"CDES","description":"Centre de Droit et d&#039;Economie du Sport","potentialAction":[{"@type":"SearchAction","target":{"@type":"EntryPoint","urlTemplate":"https:\/\/cdes.fr\/?s={search_term_string}"},"query-input":{"@type":"PropertyValueSpecification","valueRequired":true,"valueName":"search_term_string"}}],"inLanguage":"fr-FR"}]}},"_links":{"self":[{"href":"https:\/\/cdes.fr\/index.php?rest_route=\/wp\/v2\/pages\/1576","targetHints":{"allow":["GET"]}}],"collection":[{"href":"https:\/\/cdes.fr\/index.php?rest_route=\/wp\/v2\/pages"}],"about":[{"href":"https:\/\/cdes.fr\/index.php?rest_route=\/wp\/v2\/types\/page"}],"author":[{"embeddable":true,"href":"https:\/\/cdes.fr\/index.php?rest_route=\/wp\/v2\/users\/92"}],"replies":[{"embeddable":true,"href":"https:\/\/cdes.fr\/index.php?rest_route=%2Fwp%2Fv2%2Fcomments&post=1576"}],"version-history":[{"count":9,"href":"https:\/\/cdes.fr\/index.php?rest_route=\/wp\/v2\/pages\/1576\/revisions"}],"predecessor-version":[{"id":16656,"href":"https:\/\/cdes.fr\/index.php?rest_route=\/wp\/v2\/pages\/1576\/revisions\/16656"}],"up":[{"embeddable":true,"href":"https:\/\/cdes.fr\/index.php?rest_route=\/wp\/v2\/pages\/1175"}],"wp:attachment":[{"href":"https:\/\/cdes.fr\/index.php?rest_route=%2Fwp%2Fv2%2Fmedia&parent=1576"}],"curies":[{"name":"wp","href":"https:\/\/api.w.org\/{rel}","templated":true}]}}