{"id":1386,"date":"2020-07-02T07:06:42","date_gmt":"2020-07-02T05:06:42","guid":{"rendered":"http:\/\/new.cdes.fr\/?page_id=1386"},"modified":"2021-03-11T10:08:14","modified_gmt":"2021-03-11T09:08:14","slug":"economie-du-sport","status":"publish","type":"page","link":"https:\/\/cdes.fr\/?page_id=1386","title":{"rendered":"Economie du sport"},"content":{"rendered":"\t\t<div data-elementor-type=\"wp-page\" data-elementor-id=\"1386\" class=\"elementor elementor-1386\" data-elementor-post-type=\"page\">\n\t\t\t\t\t\t<section class=\"penci-section penci-disSticky penci-structure-10 elementor-section elementor-top-section elementor-element elementor-element-d8d7a37 elementor-section-boxed elementor-section-height-default elementor-section-height-default\" data-id=\"d8d7a37\" data-element_type=\"section\">\n\t\t\t\t\t\t<div class=\"elementor-container elementor-column-gap-default\">\n\t\t\t\t\t<div class=\"penci-ercol-100 penci-ercol-order-1 penci-sticky-ct    elementor-column elementor-col-100 elementor-top-column elementor-element elementor-element-71248bf\" data-id=\"71248bf\" data-element_type=\"column\">\n\t\t\t<div class=\"elementor-widget-wrap elementor-element-populated\">\n\t\t\t\t\t\t<div class=\"elementor-element elementor-element-72365bb elementor-widget elementor-widget-text-editor\" data-id=\"72365bb\" data-element_type=\"widget\" data-widget_type=\"text-editor.default\">\n\t\t\t\t<div class=\"elementor-widget-container\">\n\t\t\t\t\t\t\t\t\t<h2>L&rsquo;expertise \u00e9conomique du CDES : audit, \u00e9tude, accompagnement et aide \u00e0 la d\u00e9cision<\/h2><p>Depuis 1990, de nombreux clients ont fait confiance au CDES afin de les accompagner dans leurs projets et de leur fournir des outils pratiques d\u2019aide \u00e0 la d\u00e9cision. Notre accompagnement vise \u00e0 offrir aux dirigeants une analyse rigoureuse s\u2019appuyant \u00e0 la fois sur une m\u00e9thodologie \u00e9prouv\u00e9e et sur les outils classiques du calcul \u00e9conomique (analyse de donn\u00e9es, statistiques, \u00e9conom\u00e9trie\u2026).\u00a0<\/p><p><img fetchpriority=\"high\" decoding=\"async\" class=\"alignnone size-full wp-image-1433\" src=\"http:\/\/new.cdes.fr\/wp-content\/uploads\/2020\/07\/econmiesport1.jpg\" alt=\"\" width=\"1200\" height=\"447\" srcset=\"https:\/\/cdes.fr\/wp-content\/uploads\/2020\/07\/econmiesport1.jpg 1200w, https:\/\/cdes.fr\/wp-content\/uploads\/2020\/07\/econmiesport1-300x112.jpg 300w, https:\/\/cdes.fr\/wp-content\/uploads\/2020\/07\/econmiesport1-1024x381.jpg 1024w, https:\/\/cdes.fr\/wp-content\/uploads\/2020\/07\/econmiesport1-768x286.jpg 768w, https:\/\/cdes.fr\/wp-content\/uploads\/2020\/07\/econmiesport1-400x149.jpg 400w, https:\/\/cdes.fr\/wp-content\/uploads\/2020\/07\/econmiesport1-1170x436.jpg 1170w, https:\/\/cdes.fr\/wp-content\/uploads\/2020\/07\/econmiesport1-585x218.jpg 585w, https:\/\/cdes.fr\/wp-content\/uploads\/2020\/07\/econmiesport1-600x224.jpg 600w\" sizes=\"(max-width: 1200px) 100vw, 1200px\" \/><\/p><p><b>Notre approche, pluridisciplinaire, couple l\u2019expertise de nos \u00e9quipes, quotidiennement immerg\u00e9es dans la r\u00e9alit\u00e9 du secteur Sport, et la vision analytique et prospective de nos collaborateurs universitaires<\/b>. La direction scientifique des \u00e9tudes \u00e9conomiques du CDES est assur\u00e9e par Jean-Jacques GOUGUET. Cet ancrage universitaire fort et ancien constitue un apport original et int\u00e9ressant nous permettant d\u2019anticiper les \u00e9volutions du secteur en lien avec les \u00e9volutions plus globales de notre soci\u00e9t\u00e9.<\/p><h3>CHAMPS D&rsquo;EXPERTISE<\/h3><ul><li>L\u2019ensemble des dimensions du sport : sport professionnel, sport amateur\/sport de masse, sport auto-organis\u00e9<\/li><li>Observation du sport : pratiques sportives, \u00e9quipements sportifs, sport professionnel, sport de haut niveau, \u00e9quipements sportifs\u2026<\/li><li>Analyse \u00e9conomique et financi\u00e8re du sport professionnel<\/li><li>Accompagnement politique strat\u00e9gique : aide \u00e0 la construction des projets sportifs, r\u00e9alisation de sch\u00e9mas directeurs d\u2019\u00e9quipements sportifs<\/li><li>Impact \u00e9conomique et utilit\u00e9 sociale des \u00e9v\u00e9nements sportifs et des clubs sportifs<\/li><li>Diagnostics territoriaux et mod\u00e9lisation de politiques sportives<\/li><li>Evaluation des politiques\u00a0 sportives (d\u2019institutions publiques ou priv\u00e9es), Evaluation du poids \u00e9conomique du sport sur un territoire<\/li><\/ul><h3>NOS CLIENTS<\/h3><ul><li>Organisations sportives : f\u00e9d\u00e9rations sportives et ligues professionnelles nationales et internationales, mouvement olympique, unions de clubs sportifs professionnels, clubs professionnels, clubs amateurs\u2026<\/li><li>Acteurs publiques ou semi-publics : Commission Europ\u00e9enne, Etat et Minist\u00e8res publics, services d\u00e9concentr\u00e9s, collectivit\u00e9s territoriales (R\u00e9gions, D\u00e9partements, EPCI, Communes\u2026), fondations\u2026<\/li><li>Soci\u00e9t\u00e9s priv\u00e9es et associations : exploitants d\u2019enceintes sportives, associations de droit priv\u00e9\u2026<\/li><\/ul>\t\t\t\t\t\t\t\t<\/div>\n\t\t\t\t<\/div>\n\t\t\t\t<div class=\"elementor-element elementor-element-a12c1e8 elementor-widget elementor-widget-image\" data-id=\"a12c1e8\" data-element_type=\"widget\" data-widget_type=\"image.default\">\n\t\t\t\t<div class=\"elementor-widget-container\">\n\t\t\t\t\t\t\t\t\t\t\t\t\t\t\t<img decoding=\"async\" width=\"1024\" height=\"576\" src=\"https:\/\/cdes.fr\/wp-content\/uploads\/2021\/03\/Ils-nous-font-confiance-fevrier-2021-1024x576.jpg\" class=\"attachment-large size-large wp-image-4551\" alt=\"\" srcset=\"https:\/\/cdes.fr\/wp-content\/uploads\/2021\/03\/Ils-nous-font-confiance-fevrier-2021-1024x576.jpg 1024w, https:\/\/cdes.fr\/wp-content\/uploads\/2021\/03\/Ils-nous-font-confiance-fevrier-2021-600x337.jpg 600w, https:\/\/cdes.fr\/wp-content\/uploads\/2021\/03\/Ils-nous-font-confiance-fevrier-2021-300x169.jpg 300w, https:\/\/cdes.fr\/wp-content\/uploads\/2021\/03\/Ils-nous-font-confiance-fevrier-2021-768x432.jpg 768w, https:\/\/cdes.fr\/wp-content\/uploads\/2021\/03\/Ils-nous-font-confiance-fevrier-2021-1536x863.jpg 1536w, https:\/\/cdes.fr\/wp-content\/uploads\/2021\/03\/Ils-nous-font-confiance-fevrier-2021-2048x1151.jpg 2048w, https:\/\/cdes.fr\/wp-content\/uploads\/2021\/03\/Ils-nous-font-confiance-fevrier-2021-400x225.jpg 400w, https:\/\/cdes.fr\/wp-content\/uploads\/2021\/03\/Ils-nous-font-confiance-fevrier-2021-1920x1079.jpg 1920w, https:\/\/cdes.fr\/wp-content\/uploads\/2021\/03\/Ils-nous-font-confiance-fevrier-2021-1170x658.jpg 1170w, https:\/\/cdes.fr\/wp-content\/uploads\/2021\/03\/Ils-nous-font-confiance-fevrier-2021-585x329.jpg 585w\" sizes=\"(max-width: 1024px) 100vw, 1024px\" \/>\t\t\t\t\t\t\t\t\t\t\t\t\t\t\t<\/div>\n\t\t\t\t<\/div>\n\t\t\t\t<div class=\"elementor-element elementor-element-37d872d elementor-widget elementor-widget-text-editor\" data-id=\"37d872d\" data-element_type=\"widget\" data-widget_type=\"text-editor.default\">\n\t\t\t\t<div class=\"elementor-widget-container\">\n\t\t\t\t\t\t\t\t\t<h3>NOS PRESTATIONS<\/h3><ul><li>Etudes \u00ab cl\u00e9s en mains \u00bb r\u00e9pondant \u00e0 un cahier des charges pr\u00e9cis<\/li><li>Accompagnement strat\u00e9gique ponctuel<\/li><li>Insertion dans des consortiums de cabinets<\/li><\/ul>\t\t\t\t\t\t\t\t<\/div>\n\t\t\t\t<\/div>\n\t\t\t\t<div class=\"elementor-element elementor-element-70cb68b elementor-widget elementor-widget-button\" data-id=\"70cb68b\" data-element_type=\"widget\" data-widget_type=\"button.default\">\n\t\t\t\t<div class=\"elementor-widget-container\">\n\t\t\t\t\t\t\t\t\t<div class=\"elementor-button-wrapper\">\n\t\t\t\t\t<a class=\"elementor-button elementor-button-link elementor-size-sm\" href=\"\/publications-edtudes-cdes\/etudes-publiees\/\">\n\t\t\t\t\t\t<span class=\"elementor-button-content-wrapper\">\n\t\t\t\t\t\t\t\t\t<span class=\"elementor-button-text\">Voir les \u00e9tudes publi\u00e9es<\/span>\n\t\t\t\t\t<\/span>\n\t\t\t\t\t<\/a>\n\t\t\t\t<\/div>\n\t\t\t\t\t\t\t\t<\/div>\n\t\t\t\t<\/div>\n\t\t\t\t\t<\/div>\n\t\t<\/div>\n\t\t\t\t\t<\/div>\n\t\t<\/section>\n\t\t\t\t<\/div>\n\t\t","protected":false},"excerpt":{"rendered":"<p>L&rsquo;expertise \u00e9conomique du CDES : audit, \u00e9tude, accompagnement et aide \u00e0 la d\u00e9cision Depuis 1990, de nombreux clients ont fait confiance au CDES afin de les accompagner dans leurs projets et de&hellip;<\/p>\n","protected":false},"author":92,"featured_media":0,"parent":1375,"menu_order":0,"comment_status":"closed","ping_status":"closed","template":"","meta":{"_lmt_disableupdate":"","_lmt_disable":"","footnotes":"","beyondwords_generate_audio":"","beyondwords_project_id":"","beyondwords_content_id":"","beyondwords_preview_token":"","beyondwords_player_content":"","beyondwords_player_style":"","beyondwords_language_code":"","beyondwords_language_id":"","beyondwords_title_voice_id":"","beyondwords_body_voice_id":"","beyondwords_summary_voice_id":"","beyondwords_error_message":"","beyondwords_disabled":"","beyondwords_delete_content":"","beyondwords_podcast_id":"","beyondwords_hash":"","publish_post_to_speechkit":"","speechkit_hash":"","speechkit_generate_audio":"","speechkit_project_id":"","speechkit_podcast_id":"","speechkit_error_message":"","speechkit_disabled":"","speechkit_access_key":"","speechkit_error":"","speechkit_info":"","speechkit_response":"","speechkit_retries":"","speechkit_status":"","speechkit_updated_at":"","_speechkit_link":"","_speechkit_text":""},"class_list":["post-1386","page","type-page","status-publish","hentry"],"yoast_head":"<!-- This site is optimized with the Yoast SEO plugin v25.3.1 - https:\/\/yoast.com\/wordpress\/plugins\/seo\/ -->\n<title>Economie du sport - CDES<\/title>\n<meta name=\"robots\" content=\"index, follow, max-snippet:-1, max-image-preview:large, max-video-preview:-1\" \/>\n<link rel=\"canonical\" href=\"https:\/\/cdes.fr\/?page_id=1386\" \/>\n<meta property=\"og:locale\" content=\"fr_FR\" \/>\n<meta property=\"og:type\" content=\"article\" \/>\n<meta property=\"og:title\" content=\"Economie du sport - CDES\" \/>\n<meta property=\"og:description\" content=\"L&rsquo;expertise \u00e9conomique du CDES : audit, \u00e9tude, accompagnement et aide \u00e0 la d\u00e9cision Depuis 1990, de nombreux clients ont fait confiance au CDES afin de les accompagner dans leurs projets et de&hellip;\" \/>\n<meta property=\"og:url\" content=\"https:\/\/cdes.fr\/?page_id=1386\" \/>\n<meta property=\"og:site_name\" content=\"CDES\" \/>\n<meta property=\"article:modified_time\" content=\"2021-03-11T09:08:14+00:00\" \/>\n<meta property=\"og:image\" content=\"http:\/\/new.cdes.fr\/wp-content\/uploads\/2020\/07\/econmiesport1.jpg\" \/>\n<meta name=\"twitter:card\" content=\"summary_large_image\" \/>\n<meta name=\"twitter:label1\" content=\"Dur\u00e9e de lecture estim\u00e9e\" \/>\n\t<meta name=\"twitter:data1\" content=\"2 minutes\" \/>\n<script type=\"application\/ld+json\" class=\"yoast-schema-graph\">{\"@context\":\"https:\/\/schema.org\",\"@graph\":[{\"@type\":\"WebPage\",\"@id\":\"https:\/\/cdes.fr\/?page_id=1386\",\"url\":\"https:\/\/cdes.fr\/?page_id=1386\",\"name\":\"Economie du sport - CDES\",\"isPartOf\":{\"@id\":\"https:\/\/cdes.fr\/#website\"},\"primaryImageOfPage\":{\"@id\":\"https:\/\/cdes.fr\/?page_id=1386#primaryimage\"},\"image\":{\"@id\":\"https:\/\/cdes.fr\/?page_id=1386#primaryimage\"},\"thumbnailUrl\":\"http:\/\/new.cdes.fr\/wp-content\/uploads\/2020\/07\/econmiesport1.jpg\",\"datePublished\":\"2020-07-02T05:06:42+00:00\",\"dateModified\":\"2021-03-11T09:08:14+00:00\",\"breadcrumb\":{\"@id\":\"https:\/\/cdes.fr\/?page_id=1386#breadcrumb\"},\"inLanguage\":\"fr-FR\",\"potentialAction\":[{\"@type\":\"ReadAction\",\"target\":[\"https:\/\/cdes.fr\/?page_id=1386\"]}]},{\"@type\":\"ImageObject\",\"inLanguage\":\"fr-FR\",\"@id\":\"https:\/\/cdes.fr\/?page_id=1386#primaryimage\",\"url\":\"http:\/\/new.cdes.fr\/wp-content\/uploads\/2020\/07\/econmiesport1.jpg\",\"contentUrl\":\"http:\/\/new.cdes.fr\/wp-content\/uploads\/2020\/07\/econmiesport1.jpg\"},{\"@type\":\"BreadcrumbList\",\"@id\":\"https:\/\/cdes.fr\/?page_id=1386#breadcrumb\",\"itemListElement\":[{\"@type\":\"ListItem\",\"position\":1,\"name\":\"Accueil\",\"item\":\"https:\/\/cdes.fr\/\"},{\"@type\":\"ListItem\",\"position\":2,\"name\":\"Conseil &#038; Expertise\",\"item\":\"https:\/\/cdes.fr\/?page_id=1375\"},{\"@type\":\"ListItem\",\"position\":3,\"name\":\"Economie du sport\"}]},{\"@type\":\"WebSite\",\"@id\":\"https:\/\/cdes.fr\/#website\",\"url\":\"https:\/\/cdes.fr\/\",\"name\":\"CDES\",\"description\":\"Centre de Droit et d&#039;Economie du Sport\",\"potentialAction\":[{\"@type\":\"SearchAction\",\"target\":{\"@type\":\"EntryPoint\",\"urlTemplate\":\"https:\/\/cdes.fr\/?s={search_term_string}\"},\"query-input\":{\"@type\":\"PropertyValueSpecification\",\"valueRequired\":true,\"valueName\":\"search_term_string\"}}],\"inLanguage\":\"fr-FR\"}]}<\/script>\n<!-- \/ Yoast SEO plugin. -->","yoast_head_json":{"title":"Economie du sport - CDES","robots":{"index":"index","follow":"follow","max-snippet":"max-snippet:-1","max-image-preview":"max-image-preview:large","max-video-preview":"max-video-preview:-1"},"canonical":"https:\/\/cdes.fr\/?page_id=1386","og_locale":"fr_FR","og_type":"article","og_title":"Economie du sport - CDES","og_description":"L&rsquo;expertise \u00e9conomique du CDES : audit, \u00e9tude, accompagnement et aide \u00e0 la d\u00e9cision Depuis 1990, de nombreux clients ont fait confiance au CDES afin de les accompagner dans leurs projets et de&hellip;","og_url":"https:\/\/cdes.fr\/?page_id=1386","og_site_name":"CDES","article_modified_time":"2021-03-11T09:08:14+00:00","og_image":[{"url":"http:\/\/new.cdes.fr\/wp-content\/uploads\/2020\/07\/econmiesport1.jpg","type":"","width":"","height":""}],"twitter_card":"summary_large_image","twitter_misc":{"Dur\u00e9e de lecture estim\u00e9e":"2 minutes"},"schema":{"@context":"https:\/\/schema.org","@graph":[{"@type":"WebPage","@id":"https:\/\/cdes.fr\/?page_id=1386","url":"https:\/\/cdes.fr\/?page_id=1386","name":"Economie du sport - CDES","isPartOf":{"@id":"https:\/\/cdes.fr\/#website"},"primaryImageOfPage":{"@id":"https:\/\/cdes.fr\/?page_id=1386#primaryimage"},"image":{"@id":"https:\/\/cdes.fr\/?page_id=1386#primaryimage"},"thumbnailUrl":"http:\/\/new.cdes.fr\/wp-content\/uploads\/2020\/07\/econmiesport1.jpg","datePublished":"2020-07-02T05:06:42+00:00","dateModified":"2021-03-11T09:08:14+00:00","breadcrumb":{"@id":"https:\/\/cdes.fr\/?page_id=1386#breadcrumb"},"inLanguage":"fr-FR","potentialAction":[{"@type":"ReadAction","target":["https:\/\/cdes.fr\/?page_id=1386"]}]},{"@type":"ImageObject","inLanguage":"fr-FR","@id":"https:\/\/cdes.fr\/?page_id=1386#primaryimage","url":"http:\/\/new.cdes.fr\/wp-content\/uploads\/2020\/07\/econmiesport1.jpg","contentUrl":"http:\/\/new.cdes.fr\/wp-content\/uploads\/2020\/07\/econmiesport1.jpg"},{"@type":"BreadcrumbList","@id":"https:\/\/cdes.fr\/?page_id=1386#breadcrumb","itemListElement":[{"@type":"ListItem","position":1,"name":"Accueil","item":"https:\/\/cdes.fr\/"},{"@type":"ListItem","position":2,"name":"Conseil &#038; Expertise","item":"https:\/\/cdes.fr\/?page_id=1375"},{"@type":"ListItem","position":3,"name":"Economie du sport"}]},{"@type":"WebSite","@id":"https:\/\/cdes.fr\/#website","url":"https:\/\/cdes.fr\/","name":"CDES","description":"Centre de Droit et d&#039;Economie du Sport","potentialAction":[{"@type":"SearchAction","target":{"@type":"EntryPoint","urlTemplate":"https:\/\/cdes.fr\/?s={search_term_string}"},"query-input":{"@type":"PropertyValueSpecification","valueRequired":true,"valueName":"search_term_string"}}],"inLanguage":"fr-FR"}]}},"_links":{"self":[{"href":"https:\/\/cdes.fr\/index.php?rest_route=\/wp\/v2\/pages\/1386","targetHints":{"allow":["GET"]}}],"collection":[{"href":"https:\/\/cdes.fr\/index.php?rest_route=\/wp\/v2\/pages"}],"about":[{"href":"https:\/\/cdes.fr\/index.php?rest_route=\/wp\/v2\/types\/page"}],"author":[{"embeddable":true,"href":"https:\/\/cdes.fr\/index.php?rest_route=\/wp\/v2\/users\/92"}],"replies":[{"embeddable":true,"href":"https:\/\/cdes.fr\/index.php?rest_route=%2Fwp%2Fv2%2Fcomments&post=1386"}],"version-history":[{"count":1,"href":"https:\/\/cdes.fr\/index.php?rest_route=\/wp\/v2\/pages\/1386\/revisions"}],"predecessor-version":[{"id":9158,"href":"https:\/\/cdes.fr\/index.php?rest_route=\/wp\/v2\/pages\/1386\/revisions\/9158"}],"up":[{"embeddable":true,"href":"https:\/\/cdes.fr\/index.php?rest_route=\/wp\/v2\/pages\/1375"}],"wp:attachment":[{"href":"https:\/\/cdes.fr\/index.php?rest_route=%2Fwp%2Fv2%2Fmedia&parent=1386"}],"curies":[{"name":"wp","href":"https:\/\/api.w.org\/{rel}","templated":true}]}}